{"id":13785,"date":"2016-02-22T17:36:41","date_gmt":"2016-02-22T16:36:41","guid":{"rendered":"https:\/\/restaurant-erber.de\/en\/?page_id=13785"},"modified":"2017-02-09T15:21:21","modified_gmt":"2017-02-09T14:21:21","slug":"fresh-regional-specialties","status":"publish","type":"page","link":"https:\/\/restaurant-erber.de\/en\/food-and-beverages\/fresh-regional-specialties\/","title":{"rendered":"Fresh Regional Specialities"},"content":{"rendered":"<p><div class=\"fusion-fullwidth fullwidth-box fusion-builder-row-1 nonhundred-percent-fullwidth non-hundred-percent-height-scrolling\" style=\"--awb-background-position:left top;--awb-border-radius-top-left:0px;--awb-border-radius-top-right:0px;--awb-border-radius-bottom-right:0px;--awb-border-radius-bottom-left:0px;--awb-padding-top:0px;--awb-padding-right:15%;--awb-padding-bottom:0px;--awb-padding-left:15%;--awb-border-sizes-top:0px;--awb-border-sizes-bottom:0px;--awb-flex-wrap:wrap;\" ><div class=\"fusion-builder-row fusion-row\"><div class=\"fusion-layout-column fusion_builder_column fusion-builder-column-0 fusion_builder_column_1_1 1_1 fusion-one-full fusion-column-first fusion-column-last fusion-column-no-min-height\" style=\"--awb-bg-size:cover;--awb-margin-bottom:0px;\"><div class=\"fusion-column-wrapper fusion-flex-column-wrapper-legacy\"><div class=\"fusion-text fusion-text-1\"><h1 class=\"p1\" style=\"text-align: center;\">Fresh Specialities from the Region<\/h1>\n<\/div><div class=\"fusion-text fusion-text-2\"><p>Our partners are regional producers that put a high priority on the highest quality and standards, just as we do.<\/p>\n<\/div><div class=\"fusion-sep-clear\"><\/div><div class=\"fusion-separator fusion-full-width-sep\" style=\"margin-left: auto;margin-right: auto;margin-top:20px;width:100%;\"><\/div><div class=\"fusion-sep-clear\"><\/div><div class=\"fusion-text fusion-text-3\"><h2>See for yourself who we and our partners are:<\/h2>\n<\/div><div class=\"fusion-text fusion-text-4\"><p class=\"p1\" style=\"text-align: left;\"><a href=\"#karlshof\"><a class=\"fusion-modal-text-link\" data-toggle=\"modal\" data-target=\".fusion-modal.karlshof\" href=\"#\"> <\/a><\/a><\/p>\n<p style=\"text-align: left;\"><a class=\"fusion-modal-text-link\" data-toggle=\"modal\" data-target=\".fusion-modal.karlshof\" href=\"#\"> <strong>Gut Karlshof<\/strong><\/p>\n<p style=\"text-align: left;\">Species-Appropriate Ox Farm in Fischerh\u00e4user<\/p>\n<p style=\"text-align: left;\"><img decoding=\"async\" class=\"wp-image-13512 alignleft\" src=\"https:\/\/restaurant-erber.de\/en\/wp-content\/uploads\/sites\/3\/erber-gut-karlshof-300x188.png\" alt=\"erber-gut-karlshof\" width=\"199\" height=\"125\" srcset=\"https:\/\/restaurant-erber.de\/en\/wp-content\/uploads\/sites\/3\/erber-gut-karlshof-300x188.png 300w, https:\/\/restaurant-erber.de\/en\/wp-content\/uploads\/sites\/3\/erber-gut-karlshof-320x202.png 320w, https:\/\/restaurant-erber.de\/en\/wp-content\/uploads\/sites\/3\/erber-gut-karlshof.png 526w\" sizes=\"(max-width: 199px) 100vw, 199px\" \/><\/a><\/p>\n<\/div><div class=\"fusion-sep-clear\"><\/div><div class=\"fusion-separator fusion-full-width-sep\" style=\"margin-left: auto;margin-right: auto;margin-top:20px;width:100%;\"><\/div><div class=\"fusion-sep-clear\"><\/div><div class=\"fusion-text fusion-text-5\"><h3>Additional Partners:<\/h3>\n<\/div><div class=\"fusion-text fusion-text-6\"><div class=\"table-1\">\n<table width=\"100%\">\n<tbody>\n<tr>\n<td><strong>Josef Eisenreich<\/strong><\/td>\n<td>Goose farm in Haunersdorf near Landau on the Isar<\/td>\n<\/tr>\n<tr>\n<td><strong><a href=\"http:\/\/metzgerei-brummer.de\/\" target=\"_blank\">Metzgerei Brummer<\/a><\/strong><\/td>\n<td>Meat, sausage, and deli products from Eichenried<\/td>\n<\/tr>\n<tr>\n<td><strong><a href=\"http:\/\/www.deutschesee.de\/\" target=\"_blank\">Deutsche See<\/a><\/strong><\/td>\n<td>Fish supplier (regional and international products)<\/td>\n<\/tr>\n<tr>\n<td><strong><a href=\"http:\/\/www.naturkaeserei.de\/\" target=\"_blank\">Tegernseer Naturk\u00e4serei<\/a><\/strong><\/td>\n<td>Hay milk specialities from Kreuth<\/td>\n<\/tr>\n<tr>\n<td><strong>Konrad Weber<\/strong><\/td>\n<td>Potato and cabbage farmer in Fischerh\u00e4user<\/td>\n<\/tr>\n<tr>\n<td><strong><a href=\"http:\/\/www.frischgemuese-vesenmaier.de\/\" target=\"_blank\">Frischgem\u00fcse Vesenmaier<\/a><\/strong><\/td>\n<td>Vegetables and lettuce from Rechtmehring<\/td>\n<\/tr>\n<tr>\n<td><strong>Spargelhof Pichler<\/strong><\/td>\n<td>Asparagus grower in Hohenwart<\/td>\n<\/tr>\n<tr>\n<td><strong><a href=\"https:\/\/www.adelholzener.de\/\" target=\"_blank\">ADELHOLZENER Alpenquellen<\/a><\/strong><\/td>\n<td>Refreshing beverages from the Chiemgau region<\/td>\n<\/tr>\n<tr>\n<td><strong><a href=\"http:\/\/www.schlossbrauerei-gruenbach.de\/\" target=\"_blank\">Gr\u00fcnbacher Wei\u00dfbier<\/a><\/strong><\/td>\n<td>Bavarian wheat beer brewery in Gr\u00fcnbach<\/td>\n<\/tr>\n<tr>\n<td><strong><a href=\"http:\/\/www.hofbraeu-muenchen.de\/\" target=\"_blank\">Hofbr\u00e4u M\u00fcnchen<\/a><\/strong><\/td>\n<td>State brewery in Munich<\/td>\n<\/tr>\n<tr>\n<td><strong><a href=\"http:\/\/www.brennerei-ziegler.de\/de\/\" target=\"_blank\">Brennerei Ziegler<\/a><\/strong><\/td>\n<td>Fine spirits (distillery) from Freudenberg<\/td>\n<\/tr>\n<tr>\n<td><strong><a href=\"http:\/\/www.lantenhammer.de\/\" target=\"_blank\">Brennerei Lantenhammer<\/a><\/strong><\/td>\n<td>Distillery of specialities in\u00a0Hausham\/Schliersee<\/td>\n<\/tr>\n<\/tbody>\n<\/table>\n<\/div>\n<\/div><div class=\"fusion-clearfix\"><\/div><\/div><\/div><\/div><\/div><div class=\"fusion-fullwidth fullwidth-box fusion-builder-row-2 hundred-percent-fullwidth non-hundred-percent-height-scrolling\" style=\"--awb-border-radius-top-left:0px;--awb-border-radius-top-right:0px;--awb-border-radius-bottom-right:0px;--awb-border-radius-bottom-left:0px;--awb-overflow:visible;--awb-padding-right:0px;--awb-padding-left:0px;--awb-margin-top:50px;--awb-background-color:rgba(255,255,255,0);--awb-flex-wrap:wrap;\" ><div class=\"fusion-builder-row fusion-row\"><div class=\"fusion-layout-column fusion_builder_column fusion-builder-column-1 fusion_builder_column_1_1 1_1 fusion-one-full fusion-column-first fusion-column-last fusion-column-no-min-height\" style=\"--awb-bg-size:cover;--awb-margin-bottom:0px;\"><div class=\"fusion-column-wrapper fusion-flex-column-wrapper-legacy\"><div class=\"fusion-sep-clear\"><\/div><div class=\"fusion-separator fusion-full-width-sep\" style=\"margin-left: auto;margin-right: auto;width:100%;\"><\/div><div class=\"fusion-sep-clear\"><\/div><div class=\"fusion-clearfix\"><\/div><\/div><\/div><\/div><\/div><div class=\"fusion-fullwidth fullwidth-box fusion-builder-row-3 fusion-parallax-fixed hundred-percent-fullwidth non-hundred-percent-height-scrolling\" style=\"--awb-background-position:left top;--awb-border-radius-top-left:0px;--awb-border-radius-top-right:0px;--awb-border-radius-bottom-right:0px;--awb-border-radius-bottom-left:0px;--awb-padding-top:150px;--awb-padding-right:0px;--awb-padding-bottom:150px;--awb-padding-left:0px;--awb-background-image:url(&quot;https:\/\/restaurant-erber.de\/en\/wp-content\/uploads\/sites\/3\/erber_landhaus_ente.jpg&quot;);--awb-background-size:cover;--awb-border-sizes-top:0px;--awb-border-sizes-bottom:0px;--awb-flex-wrap:wrap;background-attachment:fixed;\" ><div class=\"fusion-builder-row fusion-row\"><\/div><\/div><div class=\"fusion-fullwidth fullwidth-box fusion-builder-row-4 hundred-percent-fullwidth non-hundred-percent-height-scrolling\" style=\"--awb-border-radius-top-left:0px;--awb-border-radius-top-right:0px;--awb-border-radius-bottom-right:0px;--awb-border-radius-bottom-left:0px;--awb-overflow:visible;--awb-padding-right:0px;--awb-padding-left:0px;--awb-flex-wrap:wrap;\" ><div class=\"fusion-builder-row fusion-row\"><div class=\"fusion-layout-column fusion_builder_column fusion-builder-column-2 fusion_builder_column_1_1 1_1 fusion-one-full fusion-column-first fusion-column-last fusion-column-no-min-height\" style=\"--awb-bg-size:cover;--awb-margin-bottom:0px;\"><div class=\"fusion-column-wrapper fusion-flex-column-wrapper-legacy\"><div class=\"fusion-text fusion-text-7\"><p>\u00a0<\/p>\n<\/div><div class=\"fusion-clearfix\"><\/div><\/div><\/div><div class=\"fusion-layout-column fusion_builder_column fusion-builder-column-3 fusion_builder_column_1_1 1_1 fusion-one-full fusion-column-first fusion-column-last fusion-column-no-min-height\" style=\"--awb-bg-size:cover;--awb-margin-bottom:0px;\"><div class=\"fusion-column-wrapper fusion-flex-column-wrapper-legacy\"><div class=\"fusion-modal modal fade modal-1 karlshof\" tabindex=\"-1\" role=\"dialog\" aria-labelledby=\"modal-heading-1\" aria-hidden=\"true\" style=\"--awb-border-color:#ebebeb;--awb-background:#f6f6f6;\"><div class=\"modal-dialog modal-lg\" role=\"document\"><div class=\"modal-content fusion-modal-content\"><div class=\"modal-header\"><button class=\"close\" type=\"button\" data-dismiss=\"modal\" aria-hidden=\"true\" aria-label=\"Close\">&times;<\/button><h3 class=\"modal-title\" id=\"modal-heading-1\" data-dismiss=\"modal\" aria-hidden=\"true\"><\/h3><\/div><div class=\"modal-body fusion-clearfix\">\n<h1>Der Ochs von nebenan \u2013 Qualit\u00e4tsfleisch vom Gut Karlshof<\/h1>\n<p class=\"p1\">Ein wichtiger Qualit\u00e4tspartner des Restaurants Erber ist das landwirtschaftliche Gut Karlshof in Ismaning. Hier kommt das schmackhafte Fleisch f\u00fcr unsere Ochsengerichte her. Das \u00fcber 700 Jahre alte Stadtgut der Landeshauptstadt M\u00fcnchen bewirtschaftet 309 Hektar Land rund um Ismaning. Seit 1986 konzentriert sich der Betrieb auf die Mast von Qualit\u00e4tsochsen. Gef\u00fcttert wird hier die Rinderrasse Fleckvieh, die eine hervorragende Fleischqualit\u00e4t aufweist. Auch die Haltung in gro\u00dfen, mit Stroh ausgelegten Boxen und das gesunde artgerechte Futter tragen dazu bei. Ein Teil des Fleisches geht jedes Jahr in die \u201eOchsenbraterei\u201c auf dem M\u00fcnchner Oktoberfest. Der andere Teil wird \u00fcber eine gro\u00dfe M\u00fcnchner Metzgerei und den Hofladen des Gutes verkauft. Und zum Schluss landet es auf Ihrem Teller im Restaurant Erber.<\/p>\n<h2>Leckere Ochsengerichte im Restaurant Erber:<\/h2>\n<h2>Vorspeisen<\/h2>\n<ul>\n<li>Zungensalat mit Himbeervinaigrette und Feldsalat<\/li>\n<li>Warmer Tafelspitz mit K\u00fcrbiskernmarinade, Apfelmeerrettich und Salatgarnitur<\/li>\n<li>Pikanter Ochsenfleischsalat mit Zwiebelringen und Brot<\/li>\n<\/ul>\n<h2>Suppe<\/h2>\n<ul>\n<li class=\"p1\">Klare Ochsenschwanzsuppe<\/li>\n<\/ul>\n<h2>Hauptgerichte<\/h2>\n<ul>\n<li class=\"p1\">Wirsingeintopf von der Ochsenschulter mit Kartoffeln, Karotten und Dotschen<\/li>\n<li class=\"p1\">Gekochter Ochsentafelspitz mit Meerrettich, Karottengem\u00fcse und Bratkartoffeln<\/li>\n<li class=\"p1\">Geschmorter Ochsenbraten an Rotweinso\u00dfe mit Blaukraut und Breznkn\u00f6del<\/li>\n<li class=\"p1\">Ochsenlendensteak \u201eStrindberg\u201c mit Zwiebel-Senf-Kruste, Marktgem\u00fcse und Kroketten<\/li>\n<li class=\"p1\">Ochsenlendensteak mit Caf\u00e9-de-Paris-Butter, Speckbohnengem\u00fcse und Kartoffelstrudel<\/li>\n<li class=\"p1\">Gegrilltes Ochsenfilet mit Zucchini-Karotten-Gem\u00fcse und Pommes frites<\/li>\n<li class=\"p1\">Ochsenlendensteak mit gebratenen Pfifferlingen und R\u00f6sti<\/li>\n<li class=\"p1\">Saures Ochsenl\u00fcngerl mit Semmelkn\u00f6del<\/li>\n<\/ul>\n<\/div><div class=\"modal-footer\"><button class=\"fusion-button button-default button-medium button default medium\" type=\"button\" data-dismiss=\"modal\">Close<\/button><\/div><\/div><\/div><\/div><div class=\"fusion-clearfix\"><\/div><\/div><\/div><\/div><\/div><\/p>\n","protected":false},"excerpt":{"rendered":"","protected":false},"author":1,"featured_media":0,"parent":13778,"menu_order":0,"comment_status":"open","ping_status":"closed","template":"100-width.php","meta":{"footnotes":""},"class_list":["post-13785","page","type-page","status-publish","hentry"],"yoast_head":"<!-- This site is optimized with the Yoast SEO plugin v27.3 - https:\/\/yoast.com\/product\/yoast-seo-wordpress\/ -->\n<title>Fresh Regional Specialities | Restaurant Erber | Ismaning, Munich<\/title>\n<meta name=\"description\" content=\"Enjoy fresh regional specialities at Restaurant Erber, Ismaning, Munich, Germany, home of sophisticated Bavarian cuisine to delight your taste buds.\" \/>\n<meta name=\"robots\" content=\"index, follow, max-snippet:-1, max-image-preview:large, max-video-preview:-1\" \/>\n<link rel=\"canonical\" href=\"https:\/\/restaurant-erber.de\/en\/food-and-beverages\/fresh-regional-specialties\/\" \/>\n<meta property=\"og:locale\" content=\"en_US\" \/>\n<meta property=\"og:type\" content=\"article\" \/>\n<meta property=\"og:title\" content=\"Fresh Regional Specialities | Restaurant Erber | Ismaning, Munich\" \/>\n<meta property=\"og:description\" content=\"Enjoy fresh regional specialities at Restaurant Erber, Ismaning, Munich, Germany, home of sophisticated Bavarian cuisine to delight your taste buds.\" \/>\n<meta property=\"og:url\" content=\"https:\/\/restaurant-erber.de\/en\/food-and-beverages\/fresh-regional-specialties\/\" \/>\n<meta property=\"og:site_name\" content=\"Restaurant EN\" \/>\n<meta property=\"article:modified_time\" content=\"2017-02-09T14:21:21+00:00\" \/>\n<meta property=\"og:image\" content=\"https:\/\/restaurant-erber.de\/en\/wp-content\/uploads\/sites\/3\/erber-gut-karlshof-300x188.png\" \/>\n<meta name=\"twitter:card\" content=\"summary_large_image\" \/>\n<meta name=\"twitter:label1\" content=\"Est. reading time\" \/>\n\t<meta name=\"twitter:data1\" content=\"5 minutes\" \/>\n<script type=\"application\/ld+json\" class=\"yoast-schema-graph\">{\"@context\":\"https:\\\/\\\/schema.org\",\"@graph\":[{\"@type\":\"WebPage\",\"@id\":\"https:\\\/\\\/restaurant-erber.de\\\/en\\\/food-and-beverages\\\/fresh-regional-specialties\\\/\",\"url\":\"https:\\\/\\\/restaurant-erber.de\\\/en\\\/food-and-beverages\\\/fresh-regional-specialties\\\/\",\"name\":\"Fresh Regional Specialities | Restaurant Erber | Ismaning, Munich\",\"isPartOf\":{\"@id\":\"https:\\\/\\\/restaurant-erber.de\\\/en\\\/#website\"},\"primaryImageOfPage\":{\"@id\":\"https:\\\/\\\/restaurant-erber.de\\\/en\\\/food-and-beverages\\\/fresh-regional-specialties\\\/#primaryimage\"},\"image\":{\"@id\":\"https:\\\/\\\/restaurant-erber.de\\\/en\\\/food-and-beverages\\\/fresh-regional-specialties\\\/#primaryimage\"},\"thumbnailUrl\":\"https:\\\/\\\/restaurant-erber.de\\\/en\\\/wp-content\\\/uploads\\\/sites\\\/3\\\/erber-gut-karlshof-300x188.png\",\"datePublished\":\"2016-02-22T16:36:41+00:00\",\"dateModified\":\"2017-02-09T14:21:21+00:00\",\"description\":\"Enjoy fresh regional specialities at Restaurant Erber, Ismaning, Munich, Germany, home of sophisticated Bavarian cuisine to delight your taste buds.\",\"breadcrumb\":{\"@id\":\"https:\\\/\\\/restaurant-erber.de\\\/en\\\/food-and-beverages\\\/fresh-regional-specialties\\\/#breadcrumb\"},\"inLanguage\":\"en-US\",\"potentialAction\":[{\"@type\":\"ReadAction\",\"target\":[\"https:\\\/\\\/restaurant-erber.de\\\/en\\\/food-and-beverages\\\/fresh-regional-specialties\\\/\"]}]},{\"@type\":\"ImageObject\",\"inLanguage\":\"en-US\",\"@id\":\"https:\\\/\\\/restaurant-erber.de\\\/en\\\/food-and-beverages\\\/fresh-regional-specialties\\\/#primaryimage\",\"url\":\"https:\\\/\\\/restaurant-erber.de\\\/en\\\/wp-content\\\/uploads\\\/sites\\\/3\\\/erber-gut-karlshof.png\",\"contentUrl\":\"https:\\\/\\\/restaurant-erber.de\\\/en\\\/wp-content\\\/uploads\\\/sites\\\/3\\\/erber-gut-karlshof.png\",\"width\":526,\"height\":330},{\"@type\":\"BreadcrumbList\",\"@id\":\"https:\\\/\\\/restaurant-erber.de\\\/en\\\/food-and-beverages\\\/fresh-regional-specialties\\\/#breadcrumb\",\"itemListElement\":[{\"@type\":\"ListItem\",\"position\":1,\"name\":\"Home\",\"item\":\"https:\\\/\\\/restaurant-erber.de\\\/en\\\/\"},{\"@type\":\"ListItem\",\"position\":2,\"name\":\"Food &#038; Beverages\",\"item\":\"https:\\\/\\\/restaurant-erber.de\\\/en\\\/food-and-beverages\\\/\"},{\"@type\":\"ListItem\",\"position\":3,\"name\":\"Fresh Regional Specialities\"}]},{\"@type\":\"WebSite\",\"@id\":\"https:\\\/\\\/restaurant-erber.de\\\/en\\\/#website\",\"url\":\"https:\\\/\\\/restaurant-erber.de\\\/en\\\/\",\"name\":\"Restaurant EN\",\"description\":\"\",\"potentialAction\":[{\"@type\":\"SearchAction\",\"target\":{\"@type\":\"EntryPoint\",\"urlTemplate\":\"https:\\\/\\\/restaurant-erber.de\\\/en\\\/?s={search_term_string}\"},\"query-input\":{\"@type\":\"PropertyValueSpecification\",\"valueRequired\":true,\"valueName\":\"search_term_string\"}}],\"inLanguage\":\"en-US\"}]}<\/script>\n<!-- \/ Yoast SEO plugin. -->","yoast_head_json":{"title":"Fresh Regional Specialities | Restaurant Erber | Ismaning, Munich","description":"Enjoy fresh regional specialities at Restaurant Erber, Ismaning, Munich, Germany, home of sophisticated Bavarian cuisine to delight your taste buds.","robots":{"index":"index","follow":"follow","max-snippet":"max-snippet:-1","max-image-preview":"max-image-preview:large","max-video-preview":"max-video-preview:-1"},"canonical":"https:\/\/restaurant-erber.de\/en\/food-and-beverages\/fresh-regional-specialties\/","og_locale":"en_US","og_type":"article","og_title":"Fresh Regional Specialities | Restaurant Erber | Ismaning, Munich","og_description":"Enjoy fresh regional specialities at Restaurant Erber, Ismaning, Munich, Germany, home of sophisticated Bavarian cuisine to delight your taste buds.","og_url":"https:\/\/restaurant-erber.de\/en\/food-and-beverages\/fresh-regional-specialties\/","og_site_name":"Restaurant EN","article_modified_time":"2017-02-09T14:21:21+00:00","og_image":[{"url":"https:\/\/restaurant-erber.de\/en\/wp-content\/uploads\/sites\/3\/erber-gut-karlshof-300x188.png","type":"","width":"","height":""}],"twitter_card":"summary_large_image","twitter_misc":{"Est. reading time":"5 minutes"},"schema":{"@context":"https:\/\/schema.org","@graph":[{"@type":"WebPage","@id":"https:\/\/restaurant-erber.de\/en\/food-and-beverages\/fresh-regional-specialties\/","url":"https:\/\/restaurant-erber.de\/en\/food-and-beverages\/fresh-regional-specialties\/","name":"Fresh Regional Specialities | Restaurant Erber | Ismaning, Munich","isPartOf":{"@id":"https:\/\/restaurant-erber.de\/en\/#website"},"primaryImageOfPage":{"@id":"https:\/\/restaurant-erber.de\/en\/food-and-beverages\/fresh-regional-specialties\/#primaryimage"},"image":{"@id":"https:\/\/restaurant-erber.de\/en\/food-and-beverages\/fresh-regional-specialties\/#primaryimage"},"thumbnailUrl":"https:\/\/restaurant-erber.de\/en\/wp-content\/uploads\/sites\/3\/erber-gut-karlshof-300x188.png","datePublished":"2016-02-22T16:36:41+00:00","dateModified":"2017-02-09T14:21:21+00:00","description":"Enjoy fresh regional specialities at Restaurant Erber, Ismaning, Munich, Germany, home of sophisticated Bavarian cuisine to delight your taste buds.","breadcrumb":{"@id":"https:\/\/restaurant-erber.de\/en\/food-and-beverages\/fresh-regional-specialties\/#breadcrumb"},"inLanguage":"en-US","potentialAction":[{"@type":"ReadAction","target":["https:\/\/restaurant-erber.de\/en\/food-and-beverages\/fresh-regional-specialties\/"]}]},{"@type":"ImageObject","inLanguage":"en-US","@id":"https:\/\/restaurant-erber.de\/en\/food-and-beverages\/fresh-regional-specialties\/#primaryimage","url":"https:\/\/restaurant-erber.de\/en\/wp-content\/uploads\/sites\/3\/erber-gut-karlshof.png","contentUrl":"https:\/\/restaurant-erber.de\/en\/wp-content\/uploads\/sites\/3\/erber-gut-karlshof.png","width":526,"height":330},{"@type":"BreadcrumbList","@id":"https:\/\/restaurant-erber.de\/en\/food-and-beverages\/fresh-regional-specialties\/#breadcrumb","itemListElement":[{"@type":"ListItem","position":1,"name":"Home","item":"https:\/\/restaurant-erber.de\/en\/"},{"@type":"ListItem","position":2,"name":"Food &#038; Beverages","item":"https:\/\/restaurant-erber.de\/en\/food-and-beverages\/"},{"@type":"ListItem","position":3,"name":"Fresh Regional Specialities"}]},{"@type":"WebSite","@id":"https:\/\/restaurant-erber.de\/en\/#website","url":"https:\/\/restaurant-erber.de\/en\/","name":"Restaurant EN","description":"","potentialAction":[{"@type":"SearchAction","target":{"@type":"EntryPoint","urlTemplate":"https:\/\/restaurant-erber.de\/en\/?s={search_term_string}"},"query-input":{"@type":"PropertyValueSpecification","valueRequired":true,"valueName":"search_term_string"}}],"inLanguage":"en-US"}]}},"_links":{"self":[{"href":"https:\/\/restaurant-erber.de\/en\/wp-json\/wp\/v2\/pages\/13785","targetHints":{"allow":["GET"]}}],"collection":[{"href":"https:\/\/restaurant-erber.de\/en\/wp-json\/wp\/v2\/pages"}],"about":[{"href":"https:\/\/restaurant-erber.de\/en\/wp-json\/wp\/v2\/types\/page"}],"author":[{"embeddable":true,"href":"https:\/\/restaurant-erber.de\/en\/wp-json\/wp\/v2\/users\/1"}],"replies":[{"embeddable":true,"href":"https:\/\/restaurant-erber.de\/en\/wp-json\/wp\/v2\/comments?post=13785"}],"version-history":[{"count":62,"href":"https:\/\/restaurant-erber.de\/en\/wp-json\/wp\/v2\/pages\/13785\/revisions"}],"predecessor-version":[{"id":14482,"href":"https:\/\/restaurant-erber.de\/en\/wp-json\/wp\/v2\/pages\/13785\/revisions\/14482"}],"up":[{"embeddable":true,"href":"https:\/\/restaurant-erber.de\/en\/wp-json\/wp\/v2\/pages\/13778"}],"wp:attachment":[{"href":"https:\/\/restaurant-erber.de\/en\/wp-json\/wp\/v2\/media?parent=13785"}],"curies":[{"name":"wp","href":"https:\/\/api.w.org\/{rel}","templated":true}]}}